{"id":6970,"date":"2023-02-02T11:08:59","date_gmt":"2023-02-02T10:08:59","guid":{"rendered":"https:\/\/www.eden-berlin.de\/speisekarte\/"},"modified":"2026-03-16T09:12:01","modified_gmt":"2026-03-16T08:12:01","slug":"speisekarte","status":"publish","type":"page","link":"https:\/\/www.eden-berlin.de\/en\/speisekarte\/","title":{"rendered":"Menu"},"content":{"rendered":"<p><div class=\"fusion-fullwidth fullwidth-box fusion-builder-row-1 fusion-flex-container hundred-percent-fullwidth non-hundred-percent-height-scrolling\" style=\"--awb-border-radius-top-left:0px;--awb-border-radius-top-right:0px;--awb-border-radius-bottom-right:0px;--awb-border-radius-bottom-left:0px;--awb-padding-top:0px;--awb-padding-right:0px;--awb-padding-bottom:0px;--awb-padding-left:0px;--awb-background-color:#074128;--awb-flex-wrap:wrap;\" ><div class=\"fusion-builder-row fusion-row fusion-flex-align-items-stretch fusion-flex-content-wrap\" style=\"width:calc( 100% + 0px ) !important;max-width:calc( 100% + 0px ) !important;margin-left: calc(-0px \/ 2 );margin-right: calc(-0px \/ 2 );\"><div class=\"fusion-layout-column fusion_builder_column fusion-builder-column-0 fusion_builder_column_1_2 1_2 fusion-flex-column fusion-animated\" style=\"--awb-padding-top-medium:20vh;--awb-padding-bottom-medium:20vh;--awb-bg-color:#074128;--awb-bg-color-hover:#074128;--awb-bg-image:url(&#039;https:\/\/www.eden-berlin.de\/wp-content\/uploads\/2026\/02\/480792573_941207298181306_6393278996340581928_n-1.webp&#039;);--awb-bg-position:center center;--awb-bg-size:cover;--awb-width-large:50%;--awb-margin-top-large:0px;--awb-spacing-right-large:0px;--awb-margin-bottom-large:0px;--awb-spacing-left-large:0px;--awb-width-medium:100%;--awb-spacing-right-medium:0px;--awb-spacing-left-medium:0px;--awb-width-small:100%;--awb-spacing-right-small:0px;--awb-spacing-left-small:0px;\" data-animationType=\"fadeInDown\" data-animationDuration=\"1.0\" data-animationOffset=\"top-into-view\"><div class=\"fusion-column-wrapper fusion-column-has-shadow fusion-flex-justify-content-flex-start fusion-content-layout-column fusion-empty-column-bg-image fusion-column-has-bg-image\" data-bg-url=\"https:\/\/www.eden-berlin.de\/wp-content\/uploads\/2026\/02\/480792573_941207298181306_6393278996340581928_n-1.webp\"><img decoding=\"async\" class=\"fusion-empty-dims-img-placeholder fusion-no-large-visibility\" aria-label=\"480792573_941207298181306_6393278996340581928_n 1\" src=\"data:image\/svg+xml,%3Csvg%20xmlns%3D%27http%3A%2F%2Fwww.w3.org%2F2000%2Fsvg%27%20width%3D%271013%27%20height%3D%271088%27%20viewBox%3D%270%200%201013%201088%27%3E%3Crect%20width%3D%271013%27%20height%3D%271088%27%20fill-opacity%3D%220%22%2F%3E%3C%2Fsvg%3E\"><\/div><\/div><div class=\"fusion-layout-column fusion_builder_column fusion-builder-column-1 fusion_builder_column_1_2 1_2 fusion-flex-column fusion-animated\" style=\"--awb-padding-top:10%;--awb-padding-right:10%;--awb-padding-bottom:10%;--awb-padding-left:10%;--awb-bg-color:#074128;--awb-bg-color-hover:#074128;--awb-bg-size:cover;--awb-width-large:50%;--awb-margin-top-large:0px;--awb-spacing-right-large:0px;--awb-margin-bottom-large:0px;--awb-spacing-left-large:0px;--awb-width-medium:100%;--awb-spacing-right-medium:0px;--awb-spacing-left-medium:0px;--awb-width-small:100%;--awb-spacing-right-small:0px;--awb-spacing-left-small:0px;\" data-animationType=\"fadeInUp\" data-animationDuration=\"1.0\" data-animationOffset=\"top-into-view\"><div class=\"fusion-column-wrapper fusion-column-has-shadow fusion-flex-justify-content-center fusion-content-layout-column\"><div class=\"fusion-builder-row fusion-builder-row-inner fusion-row fusion-flex-align-items-stretch fusion-flex-content-wrap\" style=\"width:calc( 100% + 0px ) !important;max-width:calc( 100% + 0px ) !important;margin-left: calc(-0px \/ 2 );margin-right: calc(-0px \/ 2 );\"><div class=\"fusion-layout-column fusion_builder_column_inner fusion-builder-nested-column-0 fusion_builder_column_inner_1_5 1_5 fusion-flex-column\" style=\"--awb-padding-right:35%;--awb-bg-size:cover;--awb-width-large:20%;--awb-margin-top-large:0px;--awb-spacing-right-large:0px;--awb-margin-bottom-large:8%;--awb-spacing-left-large:0px;--awb-width-medium:100%;--awb-spacing-right-medium:0px;--awb-spacing-left-medium:0px;--awb-width-small:100%;--awb-spacing-right-small:0px;--awb-spacing-left-small:0px;\"><div class=\"fusion-column-wrapper fusion-column-has-shadow fusion-flex-justify-content-flex-start fusion-content-layout-column\"><div class=\"fusion-separator\" style=\"align-self: flex-start;margin-right:auto;margin-top:9px;width:100%;max-width:65px;\"><div class=\"fusion-separator-border sep-single sep-solid\" style=\"--awb-height:20px;--awb-amount:20px;border-color:var(--awb-color2);border-top-width:1px;\"><\/div><\/div><\/div><\/div><div class=\"fusion-layout-column fusion_builder_column_inner fusion-builder-nested-column-1 fusion_builder_column_inner_4_5 4_5 fusion-flex-column\" style=\"--awb-bg-size:cover;--awb-width-large:80%;--awb-margin-top-large:0px;--awb-spacing-right-large:0px;--awb-margin-bottom-large:8%;--awb-spacing-left-large:0px;--awb-width-medium:100%;--awb-spacing-right-medium:0px;--awb-spacing-left-medium:0px;--awb-width-small:100%;--awb-spacing-right-small:0px;--awb-spacing-left-small:0px;\"><div class=\"fusion-column-wrapper fusion-column-has-shadow fusion-flex-justify-content-flex-start fusion-content-layout-column\"><div class=\"fusion-title title fusion-title-1 fusion-sep-none fusion-title-text fusion-title-size-six\" style=\"--awb-text-color:#ffffff;\"><h6 class=\"fusion-title-heading title-heading-left fusion-responsive-typography-calculated\" style=\"margin:0;--fontSize:15;--minFontSize:15;line-height:var(--awb-typography2-line-height);\"><p data-path-to-node=\"4\">Eden Restaurant<\/p>\n<h3 data-path-to-node=\"5\"><\/h3><\/h6><\/div><div class=\"fusion-title title fusion-title-2 fusion-no-small-visibility fusion-no-medium-visibility fusion-sep-none fusion-title-text fusion-title-size-two\" style=\"--awb-text-color:#f4c123;--awb-font-size:60px;\"><h2 class=\"fusion-title-heading title-heading-left fusion-responsive-typography-calculated\" style=\"font-family:&quot;Dancing Script&quot;;font-style:normal;font-weight:400;margin:0;font-size:1em;--fontSize:60;line-height:var(--awb-typography1-line-height);\"><p style=\"font-weight: 400;\">Where the Flavors of Vietnam Stand in Harmony<\/p><\/h2><\/div><div class=\"fusion-title title fusion-title-3 fusion-no-large-visibility fusion-sep-none fusion-title-text fusion-title-size-two\" style=\"--awb-text-color:#f4c123;--awb-font-size:55px;\"><h2 class=\"fusion-title-heading title-heading-left fusion-responsive-typography-calculated\" style=\"font-family:&quot;Dancing Script&quot;;font-style:normal;font-weight:400;margin:0;font-size:1em;--fontSize:55;line-height:var(--awb-typography1-line-height);\"><p style=\"font-weight: 400;\">Where the Flavors of Vietnam Stand in Harmony<\/p><\/h2><\/div><div class=\"fusion-text fusion-text-1 sm-text-align-left\" style=\"--awb-text-color:#ffffff;\"><p data-path-to-node=\"5\">Discover the culinary soul of Vietnam in the heart of Berlin. From the mild, savory nuances of the North and the sophisticated refinement of the Central region to the vibrant sweetness of the South \u2013 at EDEN, we bring the full spectrum of Southeast Asian culinary artistry to your plate.<\/p>\n<p data-path-to-node=\"6\">We unite centuries-old traditions with market-fresh ingredients of the highest quality. Whether you are a meat lover, vegetarian, or vegan: our cuisine celebrates the harmony of contrasting spices, fresh herbs, and homemade compositions. Let yourself be enchanted by a diversity that revitalizes body and mind, transforming every visit into a heavenly dining experience.<\/p>\n<\/div><\/div><\/div><div class=\"fusion-layout-column fusion_builder_column_inner fusion-builder-nested-column-2 fusion_builder_column_inner_1_1 1_1 fusion-flex-column\" style=\"--awb-bg-size:cover;--awb-width-large:100%;--awb-margin-top-large:0px;--awb-spacing-right-large:0px;--awb-margin-bottom-large:8%;--awb-spacing-left-large:calc( 0.2 * calc( 100% - 0px ) );--awb-width-medium:100%;--awb-order-medium:0;--awb-spacing-right-medium:0px;--awb-spacing-left-medium:calc( 0.2 * calc( 100% - 0px ) );--awb-width-small:100%;--awb-order-small:0;--awb-spacing-right-small:0px;--awb-spacing-left-small:calc( 0.2 * calc( 100% - 0px ) );\"><div class=\"fusion-column-wrapper fusion-column-has-shadow fusion-flex-justify-content-flex-start fusion-content-layout-row\"><div ><a class=\"fusion-button button-flat fusion-button-default-size button-custom fusion-button-default button-1 fusion-button-default-span fusion-button-default-type fusion-no-small-visibility fusion-no-medium-visibility\" style=\"--button_accent_color:#f4c123;--button_border_color:#f4c123;--button_accent_hover_color:var(--awb-color8);--button_border_hover_color:var(--awb-color8);--button_gradient_top_color:hsla(var(--awb-color1-h),var(--awb-color1-s),var(--awb-color1-l),calc(var(--awb-color1-a) - 100%));--button_gradient_bottom_color:hsla(var(--awb-color1-h),var(--awb-color1-s),var(--awb-color1-l),calc(var(--awb-color1-a) - 100%));--button_gradient_top_color_hover:var(--awb-color1);--button_gradient_bottom_color_hover:var(--awb-color1);\" target=\"_blank\" rel=\"noopener noreferrer\" href=\"https:\/\/www.eden-berlin.de\/wp-content\/uploads\/2026\/02\/Eden-Restaurant-Menu_NEU.pdf\"><span class=\"fusion-button-text awb-button__text awb-button__text--default\">View Menu<\/span><\/a><\/div><div class=\"sm-text-align-left\"><a class=\"fusion-button button-flat fusion-button-default-size button-custom fusion-button-default button-2 fusion-button-default-span fusion-button-default-type fusion-no-large-visibility\" style=\"--button_accent_color:#f4c123;--button_border_color:#f4c123;--button_accent_hover_color:var(--awb-color8);--button_border_hover_color:var(--awb-color8);--button_gradient_top_color:hsla(var(--awb-color1-h),var(--awb-color1-s),var(--awb-color1-l),calc(var(--awb-color1-a) - 100%));--button_gradient_bottom_color:hsla(var(--awb-color1-h),var(--awb-color1-s),var(--awb-color1-l),calc(var(--awb-color1-a) - 100%));--button_gradient_top_color_hover:var(--awb-color1);--button_gradient_bottom_color_hover:var(--awb-color1);\" target=\"_self\" href=\"https:\/\/www.eden-berlin.de\/wp-content\/uploads\/2026\/02\/Eden-Restaurant-Menu_NEU.pdf\"><span class=\"fusion-button-text awb-button__text awb-button__text--default\">Menu <\/span><\/a><\/div><\/div><\/div><\/div><\/div><\/div><\/div><\/div><div class=\"fusion-fullwidth fullwidth-box fusion-builder-row-2 fusion-flex-container fusion-parallax-none nonhundred-percent-fullwidth non-hundred-percent-height-scrolling\" style=\"--awb-background-position:left center;--awb-border-radius-top-left:0px;--awb-border-radius-top-right:0px;--awb-border-radius-bottom-right:0px;--awb-border-radius-bottom-left:0px;--awb-padding-bottom:0%;--awb-margin-bottom:0%;--awb-background-image:url(&quot;https:\/\/www.eden-berlin.de\/wp-content\/uploads\/2026\/02\/481661729_944199297882106_4135195427724821705_n-1.webp&quot;);--awb-background-size:cover;--awb-flex-wrap:wrap;\" ><div class=\"fusion-builder-row fusion-row fusion-flex-align-items-flex-start fusion-flex-content-wrap\" style=\"max-width:calc( 1375px + 0px );margin-left: calc(-0px \/ 2 );margin-right: calc(-0px \/ 2 );\"><div class=\"fusion-layout-column fusion_builder_column fusion-builder-column-2 fusion_builder_column_1_1 1_1 fusion-flex-column fusion-no-large-visibility\" style=\"--awb-bg-size:cover;--awb-width-large:100%;--awb-margin-top-large:0px;--awb-spacing-right-large:0px;--awb-margin-bottom-large:0px;--awb-spacing-left-large:0px;--awb-width-medium:100%;--awb-spacing-right-medium:0px;--awb-spacing-left-medium:0px;--awb-width-small:100%;--awb-spacing-right-small:0px;--awb-spacing-left-small:0px;\"><div class=\"fusion-column-wrapper fusion-column-has-shadow fusion-flex-justify-content-flex-start fusion-content-layout-column\"><div class=\"fusion-separator fusion-full-width-sep\" style=\"align-self: center;margin-left: auto;margin-right: auto;margin-bottom:7%;width:100%;\"><\/div><\/div><\/div><div class=\"fusion-layout-column fusion_builder_column fusion-builder-column-3 fusion_builder_column_2_5 2_5 fusion-flex-column fusion-animated\" style=\"--awb-padding-top:16%;--awb-padding-right:16%;--awb-padding-bottom:16%;--awb-padding-left:16%;--awb-bg-color:rgba(7,65,40,0.7);--awb-bg-color-hover:rgba(7,65,40,0.7);--awb-bg-size:cover;--awb-width-large:40%;--awb-margin-top-large:0px;--awb-spacing-right-large:0px;--awb-margin-bottom-large:8%;--awb-spacing-left-large:0px;--awb-width-medium:100%;--awb-spacing-right-medium:0px;--awb-spacing-left-medium:0px;--awb-width-small:100%;--awb-spacing-right-small:0px;--awb-spacing-left-small:0px;\" data-animationType=\"fadeInUp\" data-animationDuration=\"1.0\" data-animationOffset=\"top-into-view\"><div class=\"fusion-column-wrapper fusion-column-has-shadow fusion-flex-justify-content-flex-start fusion-content-layout-column\"><div class=\"fusion-builder-row fusion-builder-row-inner fusion-row fusion-flex-align-items-flex-start fusion-flex-content-wrap\" style=\"width:calc( 100% + 0px ) !important;max-width:calc( 100% + 0px ) !important;margin-left: calc(-0px \/ 2 );margin-right: calc(-0px \/ 2 );\"><div class=\"fusion-layout-column fusion_builder_column_inner fusion-builder-nested-column-3 fusion_builder_column_inner_1_1 1_1 fusion-flex-column\" style=\"--awb-bg-size:cover;--awb-width-large:100%;--awb-margin-top-large:0px;--awb-spacing-right-large:calc( 0 * calc( 100% - 0px ) );--awb-margin-bottom-large:0px;--awb-spacing-left-large:0px;--awb-width-medium:100%;--awb-spacing-right-medium:0px;--awb-spacing-left-medium:0px;--awb-width-small:100%;--awb-spacing-right-small:0px;--awb-spacing-left-small:0px;\"><div class=\"fusion-column-wrapper fusion-column-has-shadow fusion-flex-justify-content-flex-start fusion-content-layout-column\"><div class=\"fusion-title title fusion-title-4 fusion-no-small-visibility fusion-no-medium-visibility fusion-sep-none fusion-title-text fusion-title-size-two\" style=\"--awb-text-color:#f4c123;--awb-margin-bottom:0px;--awb-font-size:50px;\"><h2 class=\"fusion-title-heading title-heading-left fusion-responsive-typography-calculated\" style=\"font-family:&quot;Dancing Script&quot;;font-style:normal;font-weight:400;margin:0;font-size:1em;--fontSize:50;line-height:1.2;\"><div>Your Place in a Culinary Paradise<\/div><\/h2><\/div><div class=\"fusion-title title fusion-title-5 fusion-no-large-visibility fusion-sep-none fusion-title-text fusion-title-size-two\" style=\"--awb-text-color:#f4c123;--awb-margin-bottom:0px;--awb-font-size:50px;\"><h2 class=\"fusion-title-heading title-heading-left fusion-responsive-typography-calculated\" style=\"font-family:&quot;Dancing Script&quot;;font-style:normal;font-weight:400;margin:0;font-size:1em;--fontSize:50;line-height:1.2;\"><div>Your Place in a Culinary Paradise<\/div><\/h2><\/div><\/div><\/div><\/div><div class=\"fusion-separator\" style=\"align-self: flex-start;margin-right:auto;margin-top:20px;margin-bottom:20px;width:100%;max-width:70px;\"><div class=\"fusion-separator-border sep-single sep-solid\" style=\"--awb-height:20px;--awb-amount:20px;border-color:var(--awb-color2);border-top-width:1px;\"><\/div><\/div><div class=\"fusion-text fusion-text-2 sm-text-align-left\" style=\"--awb-text-color:#f4f4f4;\"><p>Whether it\u2019s a relaxing after-work drink with colleagues, a stylish business lunch, or a romantic dinner for two \u2013 EDEN is the perfect setting for any occasion and any time of day.<\/p>\n<p>Reserve your table and enjoy authentic Vietnamese hospitality in an atmosphere filled with tranquility, warmth, and natural elegance.<\/p>\n<\/div><div class=\"fusion-separator\" style=\"align-self: flex-start;margin-right:auto;margin-bottom:5%;width:100%;max-width:70px;\"><\/div><div ><a class=\"fusion-button button-flat fusion-button-default-size button-custom fusion-button-default button-3 fusion-button-default-span fusion-button-default-type\" style=\"--button_accent_color:#f4c123;--button_border_color:#f4c123;--button_accent_hover_color:var(--awb-color8);--button_border_hover_color:var(--awb-color8);--button_gradient_top_color:hsla(var(--awb-color1-h),var(--awb-color1-s),var(--awb-color1-l),calc(var(--awb-color1-a) - 100%));--button_gradient_bottom_color:hsla(var(--awb-color1-h),var(--awb-color1-s),var(--awb-color1-l),calc(var(--awb-color1-a) - 100%));--button_gradient_top_color_hover:var(--awb-color1);--button_gradient_bottom_color_hover:var(--awb-color1);\" target=\"_blank\" rel=\"noopener noreferrer\" href=\"https:\/\/www.eden-berlin.de\/en\/reservierung\/\"><span class=\"fusion-button-text awb-button__text awb-button__text--default\">Reserve Now<\/span><\/a><\/div><\/div><\/div><\/div><\/div><\/p>\n","protected":false},"excerpt":{"rendered":"","protected":false},"author":1,"featured_media":0,"parent":0,"menu_order":0,"comment_status":"closed","ping_status":"closed","template":"100-width.php","meta":{"footnotes":""},"class_list":["post-6970","page","type-page","status-publish","hentry"],"yoast_head":"<!-- This site is optimized with the Yoast SEO plugin v26.9 - https:\/\/yoast.com\/product\/yoast-seo-wordpress\/ -->\n<title>Menu | EDEN Berlin Mitte | Vietnamese Cuisine<\/title>\n<meta name=\"description\" content=\"Discover our diverse offerings: from traditional recipes to vegan highlights. Enjoy fresh herbs and authentic Vietnamese flavors at EDEN Berlin.\" \/>\n<meta name=\"robots\" content=\"index, follow, max-snippet:-1, max-image-preview:large, max-video-preview:-1\" \/>\n<link rel=\"canonical\" href=\"https:\/\/www.eden-berlin.de\/en\/speisekarte\/\" \/>\n<meta property=\"og:locale\" content=\"en_US\" \/>\n<meta property=\"og:type\" content=\"article\" \/>\n<meta property=\"og:title\" content=\"Speisekarte | EDEN Berlin | Vietnamesische K\u00fcche\" \/>\n<meta property=\"og:description\" content=\"Entdecken Sie unsere Vielfalt: Von traditionellen Rezepten bis zu veganen Highlights. Frische Kr\u00e4uter und echte Aromen Vietnams im EDEN Berlin genie\u00dfen.\" \/>\n<meta property=\"og:url\" content=\"https:\/\/www.eden-berlin.de\/en\/speisekarte\/\" \/>\n<meta property=\"og:site_name\" content=\"Eden Restaurant\" \/>\n<meta property=\"article:modified_time\" content=\"2026-03-16T08:12:01+00:00\" \/>\n<meta property=\"og:image\" content=\"https:\/\/www.eden-berlin.de\/wp-content\/uploads\/2026\/02\/6-1.webp\" \/>\n\t<meta property=\"og:image:width\" content=\"1920\" \/>\n\t<meta property=\"og:image:height\" content=\"1280\" \/>\n\t<meta property=\"og:image:type\" content=\"image\/webp\" \/>\n<meta name=\"twitter:card\" content=\"summary_large_image\" \/>\n<meta name=\"twitter:label1\" content=\"Est. reading time\" \/>\n\t<meta name=\"twitter:data1\" content=\"2 minutes\" \/>\n<script type=\"application\/ld+json\" class=\"yoast-schema-graph\">{\"@context\":\"https:\/\/schema.org\",\"@graph\":[{\"@type\":\"WebPage\",\"@id\":\"https:\/\/www.eden-berlin.de\/en\/speisekarte\/\",\"url\":\"https:\/\/www.eden-berlin.de\/en\/speisekarte\/\",\"name\":\"Menu | EDEN Berlin Mitte | Vietnamese Cuisine\",\"isPartOf\":{\"@id\":\"https:\/\/www.eden-berlin.de\/en\/#website\"},\"datePublished\":\"2023-02-02T10:08:59+00:00\",\"dateModified\":\"2026-03-16T08:12:01+00:00\",\"description\":\"Discover our diverse offerings: from traditional recipes to vegan highlights. Enjoy fresh herbs and authentic Vietnamese flavors at EDEN Berlin.\",\"breadcrumb\":{\"@id\":\"https:\/\/www.eden-berlin.de\/en\/speisekarte\/#breadcrumb\"},\"inLanguage\":\"en-US\",\"potentialAction\":[{\"@type\":\"ReadAction\",\"target\":[\"https:\/\/www.eden-berlin.de\/en\/speisekarte\/\"]}]},{\"@type\":\"BreadcrumbList\",\"@id\":\"https:\/\/www.eden-berlin.de\/en\/speisekarte\/#breadcrumb\",\"itemListElement\":[{\"@type\":\"ListItem\",\"position\":1,\"name\":\"Startseite\",\"item\":\"https:\/\/www.eden-berlin.de\/en\/\"},{\"@type\":\"ListItem\",\"position\":2,\"name\":\"Menu\"}]},{\"@type\":\"WebSite\",\"@id\":\"https:\/\/www.eden-berlin.de\/en\/#website\",\"url\":\"https:\/\/www.eden-berlin.de\/en\/\",\"name\":\"Eden Restaurant\",\"description\":\"Vietnamesisches Restaurant Berlin\",\"publisher\":{\"@id\":\"https:\/\/www.eden-berlin.de\/en\/#organization\"},\"potentialAction\":[{\"@type\":\"SearchAction\",\"target\":{\"@type\":\"EntryPoint\",\"urlTemplate\":\"https:\/\/www.eden-berlin.de\/en\/?s={search_term_string}\"},\"query-input\":{\"@type\":\"PropertyValueSpecification\",\"valueRequired\":true,\"valueName\":\"search_term_string\"}}],\"inLanguage\":\"en-US\"},{\"@type\":\"Organization\",\"@id\":\"https:\/\/www.eden-berlin.de\/en\/#organization\",\"name\":\"Eden Restaurant - Vietnamesisches Restaurant Berlin\",\"url\":\"https:\/\/www.eden-berlin.de\/en\/\",\"logo\":{\"@type\":\"ImageObject\",\"inLanguage\":\"en-US\",\"@id\":\"https:\/\/www.eden-berlin.de\/en\/#\/schema\/logo\/image\/\",\"url\":\"https:\/\/www.eden-berlin.de\/wp-content\/uploads\/2026\/02\/Logo-515x512px.webp\",\"contentUrl\":\"https:\/\/www.eden-berlin.de\/wp-content\/uploads\/2026\/02\/Logo-515x512px.webp\",\"width\":512,\"height\":512,\"caption\":\"Eden Restaurant - Vietnamesisches Restaurant Berlin\"},\"image\":{\"@id\":\"https:\/\/www.eden-berlin.de\/en\/#\/schema\/logo\/image\/\"}}]}<\/script>\n<!-- \/ Yoast SEO plugin. -->","yoast_head_json":{"title":"Menu | EDEN Berlin Mitte | Vietnamese Cuisine","description":"Discover our diverse offerings: from traditional recipes to vegan highlights. Enjoy fresh herbs and authentic Vietnamese flavors at EDEN Berlin.","robots":{"index":"index","follow":"follow","max-snippet":"max-snippet:-1","max-image-preview":"max-image-preview:large","max-video-preview":"max-video-preview:-1"},"canonical":"https:\/\/www.eden-berlin.de\/en\/speisekarte\/","og_locale":"en_US","og_type":"article","og_title":"Speisekarte | EDEN Berlin | Vietnamesische K\u00fcche","og_description":"Entdecken Sie unsere Vielfalt: Von traditionellen Rezepten bis zu veganen Highlights. Frische Kr\u00e4uter und echte Aromen Vietnams im EDEN Berlin genie\u00dfen.","og_url":"https:\/\/www.eden-berlin.de\/en\/speisekarte\/","og_site_name":"Eden Restaurant","article_modified_time":"2026-03-16T08:12:01+00:00","og_image":[{"width":1920,"height":1280,"url":"https:\/\/www.eden-berlin.de\/wp-content\/uploads\/2026\/02\/6-1.webp","type":"image\/webp"}],"twitter_card":"summary_large_image","twitter_misc":{"Est. reading time":"2 minutes"},"schema":{"@context":"https:\/\/schema.org","@graph":[{"@type":"WebPage","@id":"https:\/\/www.eden-berlin.de\/en\/speisekarte\/","url":"https:\/\/www.eden-berlin.de\/en\/speisekarte\/","name":"Menu | EDEN Berlin Mitte | Vietnamese Cuisine","isPartOf":{"@id":"https:\/\/www.eden-berlin.de\/en\/#website"},"datePublished":"2023-02-02T10:08:59+00:00","dateModified":"2026-03-16T08:12:01+00:00","description":"Discover our diverse offerings: from traditional recipes to vegan highlights. Enjoy fresh herbs and authentic Vietnamese flavors at EDEN Berlin.","breadcrumb":{"@id":"https:\/\/www.eden-berlin.de\/en\/speisekarte\/#breadcrumb"},"inLanguage":"en-US","potentialAction":[{"@type":"ReadAction","target":["https:\/\/www.eden-berlin.de\/en\/speisekarte\/"]}]},{"@type":"BreadcrumbList","@id":"https:\/\/www.eden-berlin.de\/en\/speisekarte\/#breadcrumb","itemListElement":[{"@type":"ListItem","position":1,"name":"Startseite","item":"https:\/\/www.eden-berlin.de\/en\/"},{"@type":"ListItem","position":2,"name":"Menu"}]},{"@type":"WebSite","@id":"https:\/\/www.eden-berlin.de\/en\/#website","url":"https:\/\/www.eden-berlin.de\/en\/","name":"Eden Restaurant","description":"Vietnamesisches Restaurant Berlin","publisher":{"@id":"https:\/\/www.eden-berlin.de\/en\/#organization"},"potentialAction":[{"@type":"SearchAction","target":{"@type":"EntryPoint","urlTemplate":"https:\/\/www.eden-berlin.de\/en\/?s={search_term_string}"},"query-input":{"@type":"PropertyValueSpecification","valueRequired":true,"valueName":"search_term_string"}}],"inLanguage":"en-US"},{"@type":"Organization","@id":"https:\/\/www.eden-berlin.de\/en\/#organization","name":"Eden Restaurant - Vietnamesisches Restaurant Berlin","url":"https:\/\/www.eden-berlin.de\/en\/","logo":{"@type":"ImageObject","inLanguage":"en-US","@id":"https:\/\/www.eden-berlin.de\/en\/#\/schema\/logo\/image\/","url":"https:\/\/www.eden-berlin.de\/wp-content\/uploads\/2026\/02\/Logo-515x512px.webp","contentUrl":"https:\/\/www.eden-berlin.de\/wp-content\/uploads\/2026\/02\/Logo-515x512px.webp","width":512,"height":512,"caption":"Eden Restaurant - Vietnamesisches Restaurant Berlin"},"image":{"@id":"https:\/\/www.eden-berlin.de\/en\/#\/schema\/logo\/image\/"}}]}},"_links":{"self":[{"href":"https:\/\/www.eden-berlin.de\/en\/wp-json\/wp\/v2\/pages\/6970","targetHints":{"allow":["GET"]}}],"collection":[{"href":"https:\/\/www.eden-berlin.de\/en\/wp-json\/wp\/v2\/pages"}],"about":[{"href":"https:\/\/www.eden-berlin.de\/en\/wp-json\/wp\/v2\/types\/page"}],"author":[{"embeddable":true,"href":"https:\/\/www.eden-berlin.de\/en\/wp-json\/wp\/v2\/users\/1"}],"replies":[{"embeddable":true,"href":"https:\/\/www.eden-berlin.de\/en\/wp-json\/wp\/v2\/comments?post=6970"}],"version-history":[{"count":5,"href":"https:\/\/www.eden-berlin.de\/en\/wp-json\/wp\/v2\/pages\/6970\/revisions"}],"predecessor-version":[{"id":6990,"href":"https:\/\/www.eden-berlin.de\/en\/wp-json\/wp\/v2\/pages\/6970\/revisions\/6990"}],"wp:attachment":[{"href":"https:\/\/www.eden-berlin.de\/en\/wp-json\/wp\/v2\/media?parent=6970"}],"curies":[{"name":"wp","href":"https:\/\/api.w.org\/{rel}","templated":true}]}}